{"id":141,"date":"2024-04-12T15:24:07","date_gmt":"2024-04-12T15:24:07","guid":{"rendered":"https:\/\/travarti.pl\/?post_type=product&#038;p=141"},"modified":"2024-06-05T20:06:48","modified_gmt":"2024-06-05T20:06:48","slug":"fotografia-spanish-mood","status":"publish","type":"product","link":"https:\/\/travarti.pl\/index.php\/produkt\/fotografia-spanish-mood\/","title":{"rendered":"Fotografia &#8222;Spanish mood&#8221;"},"content":{"rendered":"","protected":false},"excerpt":{"rendered":"<p>Fotografia czarno-bia\u0142a ju\u017c oprawiona w czarnej ramie. Wielko\u015b\u0107 90&#215;70.<\/p>\n<p>Istnieje mo\u017cliwo\u015b\u0107 zam\u00f3wienia wi\u0119kszego rozmiaru. W takim przypadku prosimy o kontakt na <a href=\"mailto:info@travarti.pl\">info@travarti.pl<\/a><\/p>\n<p>Darmowa dostawa.<\/p>\n","protected":false},"featured_media":114,"template":"","meta":[],"product_cat":[19],"product_tag":[],"class_list":{"0":"post-141","1":"product","2":"type-product","3":"status-publish","4":"has-post-thumbnail","6":"product_cat-fotografia","8":"first","9":"onbackorder","10":"taxable","11":"shipping-taxable","12":"purchasable","13":"product-type-simple"},"_links":{"self":[{"href":"https:\/\/travarti.pl\/index.php\/wp-json\/wp\/v2\/product\/141","targetHints":{"allow":["GET"]}}],"collection":[{"href":"https:\/\/travarti.pl\/index.php\/wp-json\/wp\/v2\/product"}],"about":[{"href":"https:\/\/travarti.pl\/index.php\/wp-json\/wp\/v2\/types\/product"}],"wp:featuredmedia":[{"embeddable":true,"href":"https:\/\/travarti.pl\/index.php\/wp-json\/wp\/v2\/media\/114"}],"wp:attachment":[{"href":"https:\/\/travarti.pl\/index.php\/wp-json\/wp\/v2\/media?parent=141"}],"wp:term":[{"taxonomy":"product_cat","embeddable":true,"href":"https:\/\/travarti.pl\/index.php\/wp-json\/wp\/v2\/product_cat?post=141"},{"taxonomy":"product_tag","embeddable":true,"href":"https:\/\/travarti.pl\/index.php\/wp-json\/wp\/v2\/product_tag?post=141"}],"curies":[{"name":"wp","href":"https:\/\/api.w.org\/{rel}","templated":true}]}}