{"id":346,"date":"2024-06-06T13:45:01","date_gmt":"2024-06-06T13:45:01","guid":{"rendered":"https:\/\/travarti.pl\/?page_id=346"},"modified":"2024-06-06T13:45:01","modified_gmt":"2024-06-06T13:45:01","slug":"dostawa-i-zwroty","status":"publish","type":"page","link":"https:\/\/travarti.pl\/index.php\/dostawa-i-zwroty\/","title":{"rendered":"Dostawa i Zwroty"},"content":{"rendered":"<h2 class=\"wp-block-heading\">Dostawa<\/h2><p>1. Darmowa dostawa Towar\u00f3w jest ograniczona do obszaru Rzeczpospolitej Polskiej i odbywa si\u0119 pod adres wskazany przez Klienta w trakcie sk\u0142adania Zam\u00f3wienia.<br>2 Dostawy poza granice Polski wyceniane s\u0105 indywidualnie. Wysy\u0142ka towaru odbywa si\u0119 po akceptacji koszt\u00f3w przez Klienta. Prosimy o kontakt mailowy (info@travarti.pl) w tej sprawie przed dokonaniem zakupu.<br>3. Dostawa zam\u00f3wionych Towar\u00f3w w zale\u017cno\u015bci od lokalizacji odbywa si\u0119 przesy\u0142k\u0105 kuriersk\u0105, osobi\u015bcie lub przez dedykowany przez Sklep transport.<br>4. Termin realizacji dostawy wynosi od 2 dni roboczych do 8 tygodni, licz\u0105c od dnia zaksi\u0119gowania wp\u0142aty za zam\u00f3wienie na koncie FinPro Jacek Grabowski.<\/p><h2 class=\"wp-block-heading\">Zwroty<\/h2><p>1. Klientowi, b\u0119d\u0105cemu konsumentem w rozumieniu art. 221 Kodeksu Cywilnego, przys\u0142uguje prawo do odst\u0105pienia od umowy zawartej na odleg\u0142o\u015b\u0107, bez podania przyczyny, sk\u0142adaj\u0105c stosowne o\u015bwiadczenie na pi\u015bmie, w terminie 14 dni i wysy\u0142aj\u0105c je na adres info@travarti.pl lub dostarczaj\u0105c jego fizyczn\u0105 kopi\u0119 na adres: FinPro Jacek Grabowski, ul. Azaliowa 9\/2, 62-069 D\u0105br\u00f3wka<br>Informacje, kt\u00f3re nale\u017cy uwzgl\u0119dni\u0107 w o\u015bwiadczeniu:<br>  Numer zam\u00f3wienia<br>  Dat\u0119 otrzymania zakupionego towaru<br>  Imi\u0119, nazwisko i adres Klienta<br>  Numer konta do zwrotu \u015brodk\u00f3w<br>2. Termin 14-dniowy liczy si\u0119 od dnia, w kt\u00f3rym nast\u0105pi\u0142o dostarczenie Towaru.<br>3. Prawo do odst\u0105pienia od umowy przez konsumenta jest wy\u0142\u0105czone w przypadku:<br>  a. towar\u00f3w i us\u0142ug wykraczaj\u0105cych poza standardow\u0105 ofert\u0119 sklepu, przygotowanych na specjalne zam\u00f3wienie klienta i dostosowanych do jego indywidualnych potrzeb;<br>  b. \u015bwiadcze\u0144, kt\u00f3re z uwagi na ich charakter nie mog\u0105 zosta\u0107 zwr\u00f3cone<br>  c. do\u0142\u0105czony protok\u00f3\u0142 zwrotu nie zosta\u0142 prawid\u0142owo wype\u0142niony. <br>4. Wysy\u0142ki, kt\u00f3re klient zwrotnie opisze za pobraniem lub p\u0142atne got\u00f3wk\u0105, nie b\u0119d\u0105 przyjmowane i w rezultacie wr\u00f3c\u0105 do Nadawcy, a zwrot zostanie automatycznie uznany za niepoprawny i anulowany.<br>5. W przypadku odst\u0105pienia od umowy zawartej na odleg\u0142o\u015b\u0107, umowa jest uwa\u017cana za niezawart\u0105. To, co strony \u015bwiadczy\u0142y, ulega zwrotowi w stanie niezmienionym i nieuszkodzonym. Zwrot \u015brodk\u00f3w zap\u0142aconych za Towar przez Klienta powinien nast\u0105pi\u0107 niezw\u0142ocznie, nie p\u00f3\u017aniej ni\u017c w terminie 14 dni od daty otrzymania przez sklep zwracanego Towaru. Zakupiony Towar nale\u017cy zwr\u00f3ci\u0107 na poni\u017cszy adres: FinPro Jacek Grabowski, Azaliowa 9\/2, 62-069 D\u0105br\u00f3wka.<br>6. Je\u015bli zwracany towar nosi \u015blady u\u017cycia, jest zniszczony lub w jakikolwiek spos\u00f3b zmieniony w stosunku do orygina\u0142u, zwrot zostanie rozpatrzony negatywnie a \u015brodki zap\u0142acone przez Klienta nie zostan\u0105 zwr\u00f3cone.<br>7. Koszt zwrotu towaru wraz z ubezpieczeniem i opatrzeniem oznaczeniami \u201eOstro\u017cnie szk\u0142o\u201d pokrywa Klient.<\/p><h2 class=\"wp-block-heading\">Reklamacje<\/h2><p>1. FinPro Jacek Grabowski jako sprzedawca odpowiada wobec Klienta b\u0119d\u0105cego konsumentem w rozumieniu art. 221 Kodeksu Cywilnego, za niezgodno\u015b\u0107 z Umow\u0105 sprzeda\u017cy Towaru zakupionego przez tego konsumenta, w zakresie okre\u015blonym Ustaw\u0105 o szczeg\u00f3lnych warunkach sprzeda\u017cy konsumenckiej.<br>2. Reklamacje wynikaj\u0105ce z naruszenia praw Klienta gwarantowanych prawnie lub na podstawie niniejszego Regulaminu nale\u017cy kierowa\u0107 na adres e-mail reklamacje@travarti.pl, a towar odes\u0142a\u0107 na adres FinPro Jacek Grabowski, Azaliowa 9\/2, 62-069 D\u0105br\u00f3wka. FinPro Jacek Grabowski zobowi\u0105zuje si\u0119 do rozpatrzenia ka\u017cdej reklamacji w terminie do 14 dni, a gdyby to nie by\u0142o mo\u017cliwe, do poinformowania w tym okresie Klienta, kiedy reklamacja zostanie rozpatrzona.<br>3. Informacje, kt\u00f3re nale\u017cy uwzgl\u0119dni\u0107 w o\u015bwiadczeniu:<br>  Numer zam\u00f3wienia<br>  Dat\u0119 otrzymania zakupionego towaru<br>  Imi\u0119, nazwisko i adres Klienta<br>  Szczeg\u00f3\u0142owy opis problemu<br>  Oczekiwany spos\u00f3b za\u0142atwienia reklamacji<br>4. FinPro Jacek Grabowski nie jest producentem towar\u00f3w. Producent ponosi odpowiedzialno\u015b\u0107 z tytu\u0142u gwarancji sprzedanego Towaru na warunkach oraz przez okres wskazany w karcie gwarancyjnej. Je\u015bli dokument gwarancyjny przewiduje tak\u0105 mo\u017cliwo\u015b\u0107, Klient mo\u017ce zg\u0142asza\u0107 swoje roszczenia w ramach gwarancji bezpo\u015brednio u producenta lub autora dzie\u0142a, kt\u00f3rego adres znajduje si\u0119 w karcie gwarancyjnej.<\/p><div style=\"height:32px\" aria-hidden=\"true\" class=\"wp-block-spacer\"><\/div>","protected":false},"excerpt":{"rendered":"<p>Dostawa 1. Darmowa dostawa Towar\u00f3w jest ograniczona do obszaru Rzeczpospolitej Polskiej i odbywa si\u0119 pod adres wskazany przez Klienta w trakcie sk\u0142adania Zam\u00f3wienia.2 Dostawy poza granice Polski wyceniane s\u0105 indywidualnie. Wysy\u0142ka towaru odbywa si\u0119 po akceptacji koszt\u00f3w przez Klienta. Prosimy o kontakt mailowy (info@travarti.pl) w tej sprawie przed dokonaniem zakupu.3. Dostawa zam\u00f3wionych Towar\u00f3w w zale\u017cno\u015bci [&hellip;]<\/p>\n","protected":false},"author":2,"featured_media":0,"parent":0,"menu_order":0,"comment_status":"closed","ping_status":"closed","template":"page-header-footer-only","meta":{"footnotes":""},"class_list":["post-346","page","type-page","status-publish","hentry"],"_links":{"self":[{"href":"https:\/\/travarti.pl\/index.php\/wp-json\/wp\/v2\/pages\/346","targetHints":{"allow":["GET"]}}],"collection":[{"href":"https:\/\/travarti.pl\/index.php\/wp-json\/wp\/v2\/pages"}],"about":[{"href":"https:\/\/travarti.pl\/index.php\/wp-json\/wp\/v2\/types\/page"}],"author":[{"embeddable":true,"href":"https:\/\/travarti.pl\/index.php\/wp-json\/wp\/v2\/users\/2"}],"replies":[{"embeddable":true,"href":"https:\/\/travarti.pl\/index.php\/wp-json\/wp\/v2\/comments?post=346"}],"version-history":[{"count":1,"href":"https:\/\/travarti.pl\/index.php\/wp-json\/wp\/v2\/pages\/346\/revisions"}],"predecessor-version":[{"id":348,"href":"https:\/\/travarti.pl\/index.php\/wp-json\/wp\/v2\/pages\/346\/revisions\/348"}],"wp:attachment":[{"href":"https:\/\/travarti.pl\/index.php\/wp-json\/wp\/v2\/media?parent=346"}],"curies":[{"name":"wp","href":"https:\/\/api.w.org\/{rel}","templated":true}]}}