{"id":296,"date":"2024-06-05T17:13:55","date_gmt":"2024-06-05T17:13:55","guid":{"rendered":"https:\/\/travarti.pl\/?page_id=296"},"modified":"2024-06-06T15:02:46","modified_gmt":"2024-06-06T15:02:46","slug":"regulamin-sklepu","status":"publish","type":"page","link":"https:\/\/travarti.pl\/index.php\/regulamin-sklepu\/","title":{"rendered":"Regulamin sklepu &#8211; Sztuka, fotografia i dodatki do nowoczesnych wn\u0119trz"},"content":{"rendered":"<p>Regulamin Sklepu Internetowego Travarti.pl<\/p><p>I. Definicje<br>U\u017cyte w Regulaminie poj\u0119cia oznaczaj\u0105:<\/p><p>1.1. Klient \u2013 osoba fizyczna, osoba prawna lub jednostka organizacyjna nie b\u0119d\u0105c\u0105 osob\u0105 prawn\u0105, kt\u00f3rej przepisy szczeg\u00f3lne przyznaj\u0105 zdolno\u015b\u0107 prawn\u0105, kt\u00f3ra dokonuje Zam\u00f3wienia w ramach Sklepu;<br>1.2. Kodeks Cywilny \u2013 ustawa z dnia 23 kwietnia 1964 r. (Dz. U. Nr 16, poz. 93 ze zm.);<br>1.3. Regulamin \u2013 niniejszy Regulamin \u015bwiadczenia us\u0142ug drog\u0105 elektroniczn\u0105 w ramach sklepu internetowego travarti.pl;<br>1.4. Sklep internetowy travarti.pl \u2013 serwis internetowy dost\u0119pny pod https:\/\/travarti.pl, za po\u015brednictwem kt\u00f3rego Klient mo\u017ce w szczeg\u00f3lno\u015bci sk\u0142ada\u0107 Zam\u00f3wienia;<br>1.5. Towar \u2013 produkty prezentowane w Sklepie Internetowym;<br>1.6. Umowa sprzeda\u017cy \u2013 umowa sprzeda\u017cy Towar\u00f3w w rozumieniu Kodeksu Cywilnego, zawarta pomi\u0119dzy FinPro Jacek Grabowski, a Klientem, zawierana z wykorzystaniem serwisu internetowego Sklepu;<br>1.7. Ustawa o szczeg\u00f3lnych warunkach sprzeda\u017cy konsumenckiej \u2013 ustawa z dnia 27 lipca 2002 r. o szczeg\u00f3lnych warunkach sprzeda\u017cy konsumenckiej oraz o zmianie Kodeksu Cywilnego (Dz. U. Nr 141, poz. 1176 ze zm.);<br>1.8. Ustawa o \u015bwiadczeniu us\u0142ug drog\u0105 elektroniczn\u0105 \u2013 ustawa z dnia 18 lipca 2002 r. o \u015bwiadczeniu us\u0142ug drog\u0105 elektroniczn\u0105 (Dz. U. Nr 144, poz. 1204 ze zm.);<br>1.9. W\u0142a\u015bciciel sklepu internetowego travarti.pl &#8211; FinPro Jacek Grabowski, Adres: Os. Stefana Batorego 41A\/51, 60\u2011687 Pozna\u0144, NIP: 7792227265;<br>1.10. Zam\u00f3wienie \u2013 o\u015bwiadczenie woli Klienta, zmierzaj\u0105ce bezpo\u015brednio do zawarcia Umowy sprzeda\u017cy, okre\u015blaj\u0105ce w szczeg\u00f3lno\u015bci rodzaj i liczb\u0119 Towaru.<\/p><p>II. Postanowienia og\u00f3lne<br>2.1. Niniejszy Regulamin okre\u015bla zasady korzystania ze sklepu internetowego dost\u0119pnego pod https:\/\/travarti.pl.<br>2.2. Niniejszy Regulamin jest regulaminem, o kt\u00f3rym mowa w art. 8 Ustawy o \u015bwiadczeniu us\u0142ug drog\u0105 elektroniczn\u0105.<br>2.3. Sklep internetowy, dzia\u0142aj\u0105cy pod https:\/\/travarti.pl, prowadzony jest przez FinPro Jacek Grabowski<br>2.4. Niniejszy Regulamin okre\u015bla w szczeg\u00f3lno\u015bci:<br>a. zasady dokonywania rejestracji i korzystania z konta w ramach sklepu internetowego;<br>b. warunki i zasady dokonywania elektronicznej rezerwacji produkt\u00f3w dost\u0119pnych w ramach sklepu internetowego;<br>c. warunki i zasady sk\u0142adania drog\u0105 elektroniczn\u0105 Zam\u00f3wie\u0144 w ramach sklepu internetowego;<br>d. zasady zawierania Um\u00f3w sprzeda\u017cy z wykorzystaniem us\u0142ug \u015bwiadczonych w ramach Sklepu Internetowego.<br>2.5. Korzystanie ze sklepu internetowego jest mo\u017cliwe pod warunkiem spe\u0142nienia przez system teleinformatyczny, z kt\u00f3rego korzysta Klient nast\u0119puj\u0105cych minimalnych wymaga\u0144 technicznych:<br>a. Internet Explorer w wersji 8.1 lub wy\u017cszej z aktualnymi wtyczkami Flash \/ Java;<br>b. Mozilla Firefox, Chrome lub Opera z aktualnymi wtyczkami Flash \/ Java;<br>c. minimalna rozdzielczo\u015b\u0107 ekranu to 1024&#215;768 pikseli, zalecana 1280&#215;800 pikseli;<br>2.6. W celu korzystania ze sklepu internetowego Klient powinien we w\u0142asnym zakresie uzyska\u0107 dost\u0119p do stanowiska komputerowego lub urz\u0105dzenia ko\u0144cowego, z dost\u0119pem do Internetu.<br>2.7. Klienci mog\u0105 uzyska\u0107 dost\u0119p do niniejszego Regulaminu w ka\u017cdym czasie za po\u015brednictwem odsy\u0142acza zamieszczonego na stronie g\u0142\u00f3wnej serwisu https:\/\/travarti.pl oraz pobra\u0107 go i sporz\u0105dzi\u0107 jego wydruk.<br>2.8. Informacje o Towarach podane na stronach internetowych Sklepu, w szczeg\u00f3lno\u015bci ich opisy, parametry techniczne i u\u017cytkowe oraz ceny, stanowi\u0105 zaproszenie do zawarcia umowy, w rozumieniu art. 71 Kodeksu Cywilnego. FinPro Jacek Grabowski zastrzega sobie prawo do niezrealizowania zam\u00f3wie\u0144 z wa\u017cnych powod\u00f3w.<\/p><p>III. Zasady korzystania ze Sklepu Internetowego<br>3.1. Warunkiem rozpocz\u0119cia korzystania ze Sklepu internetowego jest rejestracja w jego ramach.<br>3.2. Rejestracja nast\u0119puje poprzez wype\u0142nienie i zaakceptowanie formularza rejestracyjnego, udost\u0119pnianego na jednej ze stron Sklepu.<br>3.3. Warunkiem rejestracji jest wyra\u017cenie zgody na tre\u015b\u0107 Regulaminu oraz podanie danych osobowych oznaczonych jako obowi\u0105zkowe.<br>3.4. FinPro Jacek Grabowski, mo\u017ce pozbawi\u0107 Klienta prawa do korzystania ze Sklepu Internetowego, jak r\u00f3wnie\u017c mo\u017ce ograniczy\u0107 jego dost\u0119p do cz\u0119\u015bci lub ca\u0142o\u015bci zasob\u00f3w Sklepu Internetowego, ze skutkiem natychmiastowym, w przypadku naruszenia przez Klienta Regulaminu, a w szczeg\u00f3lno\u015bci, gdy Klient:<br>a. poda\u0142 w trakcie rejestracji w sklepie internetowym dane niezgodne z prawd\u0105, niedok\u0142adne lub nieaktualne, wprowadzaj\u0105ce w b\u0142\u0105d lub naruszaj\u0105ce prawa os\u00f3b trzecich,<br>b. dopu\u015bci si\u0119 innych zachowa\u0144, kt\u00f3re zostan\u0105 uznane przez FinPro Jacek Grabowski za zachowania niezgodne z obowi\u0105zuj\u0105cymi przepisami prawa lub og\u00f3lnymi zasadami korzystania z sieci Internet lub godz\u0105ce w dobre imi\u0119 FinPro Jacek Grabowski.<br>3.5. Osoba, kt\u00f3ra zosta\u0142a pozbawiona prawa do korzystania ze sklepu internetowego, nie mo\u017ce dokona\u0107 powt\u00f3rnej rejestracji bez uprzedniej zgody FinPro Jacek Grabowski.<br>3.6. W celu zapewnienia bezpiecze\u0144stwa przekazu komunikat\u00f3w i danych w zwi\u0105zku ze \u015bwiadczonymi w ramach Witryny us\u0142ugami, Sklep internetowy podejmuje \u015brodki techniczne i organizacyjne odpowiednie do stopnia zagro\u017cenia bezpiecze\u0144stwa \u015bwiadczonych us\u0142ug, w szczeg\u00f3lno\u015bci \u015brodki s\u0142u\u017c\u0105ce zapobieganiu pozyskiwania i modyfikacji przez osoby nieuprawnione danych osobowych przesy\u0142anych w Internecie.<br>3.7. Klient zobowi\u0105zany jest w szczeg\u00f3lno\u015bci do:<br>a. korzystania ze Sklepu internetowego w spos\u00f3b nie zak\u0142\u00f3caj\u0105cy jego funkcjonowania, w szczeg\u00f3lno\u015bci poprzez u\u017cycie okre\u015blonego oprogramowania lub urz\u0105dze\u0144,<br>b. korzystania z wszelkich tre\u015bci zamieszczonych w ramach Sklepu internetowego jedynie w zakresie w\u0142asnego u\u017cytku osobistego,<br>c. korzystania ze Sklepu internetowego w spos\u00f3b zgodny z przepisami obowi\u0105zuj\u0105cego na terytorium Rzeczypospolitej Polskiej prawa, postanowieniami Regulaminu, a tak\u017ce z og\u00f3lnymi zasadami korzystania z sieci Internet.<\/p><p>IV. Procedura zawarcia Umowy sprzeda\u017cy<br>4.1. W celu zawarcia Umowy sprzeda\u017cy za po\u015brednictwem Sklepu internetowego nale\u017cy wej\u015b\u0107 na stron\u0119 internetow\u0105 https:\/\/travarti.pl, dokona\u0107 wyboru towaru z oferty Sklepu podejmuj\u0105c kolejne czynno\u015bci techniczne w oparciu o wy\u015bwietlane Klientowi komunikaty oraz informacje dost\u0119pne na stronie i wysy\u0142ane e-mailem z adresu info@travarti.pl<br>4.2. Wyb\u00f3r zamawianych Towar\u00f3w przez Klienta jest dokonywany poprzez ich dodanie do koszyka.<br>4.3. W trakcie sk\u0142adania Zam\u00f3wienia \u2013 do momentu naci\u015bni\u0119cia przycisku \u201eZamawiam i p\u0142ac\u0119\u201d \u2013 Klient ma mo\u017cliwo\u015b\u0107 modyfikacji wprowadzonych danych oraz w zakresie wyboru Towaru. W tym celu nale\u017cy kierowa\u0107 si\u0119 wy\u015bwietlanymi Klientowi komunikatami oraz informacjami dost\u0119pnymi na stronie.<br>4.4. Po podaniu przez Klienta korzystaj\u0105cego ze Sklepu internetowego wszystkich niezb\u0119dnych danych, wy\u015bwietlone zostanie podsumowanie z\u0142o\u017conego Zam\u00f3wienia. Podsumowanie z\u0142o\u017conego Zam\u00f3wienia b\u0119dzie zawiera\u0107 informacje dotycz\u0105ce:<br>a. przedmiotu zam\u00f3wienia,<br>b. ceny zamawianych produkt\u00f3w, w tym koszt\u00f3w dostawy oraz dodatkowych koszt\u00f3w (je\u015bli wyst\u0119puj\u0105),<br>c. wybranej metody p\u0142atno\u015bci,<br>d. wybranego sposobu dostawy,<br>e. czasu dostawy.<br>4.5. W celu wys\u0142ania Zam\u00f3wienia konieczne jest dokonanie akceptacji tre\u015bci Regulaminu, podanie danych osobowych oznaczonych jako obowi\u0105zkowe oraz naci\u015bni\u0119cie przycisku \u201eZ\u0142\u00f3\u017c zam\u00f3wienie\u201d.<br>4.6. Wys\u0142anie przez Klienta Zam\u00f3wienia stanowi o\u015bwiadczenie woli zawarcia z FinPro Jacek Grabowski, Umowy sprzeda\u017cy, zgodnie z tre\u015bci\u0105 Regulaminu.<br>4.7. Po z\u0142o\u017ceniu Zam\u00f3wienia, Klient otrzymuje automatycznie wygenerowan\u0105 przez system wiadomo\u015b\u0107 e-mail zatytu\u0142owan\u0105 &#8222;Potwierdzenie wp\u0142yni\u0119cia zam\u00f3wienia&#8221;, zawieraj\u0105c\u0105 potwierdzenie wszystkich istotnych element\u00f3w Zam\u00f3wienia.<br>4.8. Umow\u0119 traktuje si\u0119 za zawart\u0105 z momentem otrzymania przez Klienta wiadomo\u015bci e-mail zatytu\u0142owanej &#8222;Potwierdzenie przyj\u0119cia zam\u00f3wienia&#8221; zawieraj\u0105c\u0105 ostateczne potwierdzenie przyj\u0119cia zam\u00f3wienia do realizacji.<br>4.9. Umowa sprzeda\u017cy zawierana jest w j\u0119zyku polskim, o tre\u015bci zgodnej z Regulaminem.<br>4.10. Anulowanie z\u0142o\u017conego i op\u0142aconego Zam\u00f3wienia przez Klienta jest mo\u017cliwe tylko przed wysy\u0142k\u0105 towaru do klienta. W tym celu nale\u017cy skontaktowa\u0107 si\u0119 e-mailowo na: info@travarti.pl i poinformowa\u0107 o zaistnia\u0142ym fakcie.<br>4.11. Zam\u00f3wienia z\u0142o\u017cone i nieop\u0142acone przez Klienta s\u0105 automatycznie usuwane z systemu sklepu travarti.pl po 30 dniach od wp\u0142yni\u0119cia Zam\u00f3wienia.<br>4.12. Zam\u00f3wienie zostanie zrealizowane pod warunkiem, \u017ce towar jest dost\u0119pny w magazynie lub u dostawc\u00f3w sklepu. W przypadku niedost\u0119pno\u015bci cz\u0119\u015bci towar\u00f3w obj\u0119tych zam\u00f3wieniem travarti.pl skontaktuje si\u0119 z Klientem, kt\u00f3ry podejmie decyzj\u0119 o sposobie realizacji Zam\u00f3wienia (cz\u0119\u015bciowa realizacja, wyd\u0142u\u017cenie czasu oczekiwania, anulowanie ca\u0142o\u015bci Zam\u00f3wienia).<\/p><p>V. Dostawa<br>5.1. Darmowa dostawa Towar\u00f3w jest ograniczona do obszaru Rzeczpospolitej Polskiej i odbywa si\u0119 pod adres wskazany przez Klienta w trakcie sk\u0142adania Zam\u00f3wienia.<br>5.2 Dostawy poza granice Polski wyceniane s\u0105 indywidualnie. Wysy\u0142ka towaru odbywa si\u0119 po akceptacji koszt\u00f3w przez Klienta.<br>5.3. Dostawa zam\u00f3wionych Towar\u00f3w w zale\u017cno\u015bci od lokalizacji odbywa si\u0119 przesy\u0142k\u0105 kuriersk\u0105, osobi\u015bcie lub przez dedykowany przez Sklep transport.<br>5.4. Termin realizacji dostawy wynosi od 2 dni roboczych do 8 tygodni, licz\u0105c od dnia zaksi\u0119gowania wp\u0142aty za zam\u00f3wienie na koncie FinPro Jacek Grabowski.<br>5.5. Klienci mog\u0105 uzyska\u0107 dost\u0119p do niniejszego Regulaminu w ka\u017cdym czasie za po\u015brednictwem odsy\u0142acza zamieszczonego na stronie g\u0142\u00f3wnej serwisu https:\/\/travarti.pl.<br>5.6. Potwierdzenie Klientowi istotnych postanowie\u0144 Umowy sprzeda\u017cy Towar\u00f3w powy\u017cej 2.000,00 z\u0142 nast\u0119puje poprzez do\u0142\u0105czenie do przesy\u0142ki zawieraj\u0105cej Towar wydruku potwierdzenia specyfikacji Zam\u00f3wienia oraz faktury lub paragonu.<\/p><p>VI. Ceny i metody p\u0142atno\u015bci<br>6.1. Ceny Towar\u00f3w podawane s\u0105 w z\u0142otych polskich i zawieraj\u0105 wszystkie sk\u0142adniki, w tym podatek VAT.<br>6.2. Klient ma mo\u017cliwo\u015b\u0107 zap\u0142aty ceny w nast\u0119puj\u0105cy spos\u00f3b:<br>a. przelewem na numer konta bankowego prowadzonego w mBanku 49 1140 2004 0000 3902 8480 0158,<br>b. p\u0142atno\u015bci\u0105 w systemie PayNow,<br>c. zap\u0142at\u0105 kart\u0105 p\u0142atnicz\u0105 za po\u015brednictwem PayNow,<br>d. za pobraniem uiszczaj\u0105c zap\u0142at\u0119 za towar u kuriera,<\/p><p>VII. Uprawnienie do odst\u0105pienia od umowy<br>7.1. Klientowi, b\u0119d\u0105cemu konsumentem w rozumieniu art. 221 Kodeksu Cywilnego, przys\u0142uguje prawo do odst\u0105pienia od umowy zawartej na odleg\u0142o\u015b\u0107, bez podania przyczyny, sk\u0142adaj\u0105c stosowne o\u015bwiadczenie na pi\u015bmie, w terminie 14 dni i wysy\u0142aj\u0105c je na adres info@travarti.pl lub dostarczaj\u0105c jego fizyczn\u0105 kopi\u0119 na adres: FinPro Jacek Grabowski, ul. Azaliowa 9\/2, 62-069 D\u0105br\u00f3wka<br>7.2. Termin 14-dniowy liczy si\u0119 od dnia, w kt\u00f3rym nast\u0105pi\u0142o dostarczenie Towaru.<br>7.3. Prawo do odst\u0105pienia od umowy przez konsumenta jest wy\u0142\u0105czone w przypadku:<br>a. towar\u00f3w i us\u0142ug wykraczaj\u0105cych poza standardow\u0105 ofert\u0119 sklepu, przygotowanych na specjalne zam\u00f3wienie klienta i dostosowanych do jego indywidualnych potrzeb;<br>b. \u015bwiadcze\u0144, kt\u00f3re z uwagi na ich charakter nie mog\u0105 zosta\u0107 zwr\u00f3cone<br>c. do\u0142\u0105czony protok\u00f3\u0142 zwrotu nie zosta\u0142 prawid\u0142owo wype\u0142niony. <br>7.4. Wysy\u0142ki, kt\u00f3re klient zwrotnie opisze za pobraniem lub p\u0142atne got\u00f3wk\u0105, nie b\u0119d\u0105 przyjmowane i w rezultacie wr\u00f3c\u0105 do Nadawcy, a zwrot zostanie automatycznie uznany za niepoprawny i anulowany.<br>7.5. W przypadku odst\u0105pienia od umowy zawartej na odleg\u0142o\u015b\u0107, umowa jest uwa\u017cana za niezawart\u0105. To, co strony \u015bwiadczy\u0142y, ulega zwrotowi w stanie niezmienionym i nieuszkodzonym. Zwrot \u015brodk\u00f3w zap\u0142aconych za Towar przez Klienta powinien nast\u0105pi\u0107 niezw\u0142ocznie, nie p\u00f3\u017aniej ni\u017c w terminie 14 dni od daty otrzymania przez sklep zwracanego Towaru. Zakupiony Towar nale\u017cy zwr\u00f3ci\u0107 na poni\u017cszy adres: FinPro Jacek Grabowski, Azaliowa 9\/2, 62-069 D\u0105br\u00f3wka.<br>7.6. Je\u015bli zwracany towar nosi \u015blady u\u017cycia, jest zniszczony lub w jakikolwiek spos\u00f3b zmieniony w stosunku do orygina\u0142u, zwrot zostanie rozpatrzony negatywnie a \u015brodki zap\u0142acone przez Klienta nie zostan\u0105 zwr\u00f3cone.<br>7.7. Koszt zwrotu towaru wraz z ubezpieczeniem i opatrzeniem oznaczeniami \u201eOstro\u017cnie szk\u0142o\u201d pokrywa Klient.<\/p><p>VIII. Reklamacje dotycz\u0105ce Towar\u00f3w<br>8.1. FinPro Jacek Grabowski jako sprzedawca odpowiada wobec Klienta b\u0119d\u0105cego konsumentem w rozumieniu art. 221 Kodeksu Cywilnego, za niezgodno\u015b\u0107 z Umow\u0105 sprzeda\u017cy Towaru zakupionego przez tego konsumenta, w zakresie okre\u015blonym Ustaw\u0105 o szczeg\u00f3lnych warunkach sprzeda\u017cy konsumenckiej.<br>8.2. Reklamacje wynikaj\u0105ce z naruszenia praw Klienta gwarantowanych prawnie lub na podstawie niniejszego Regulaminu nale\u017cy kierowa\u0107 na adres e-mail info@travarti.pl, a towar odes\u0142a\u0107 na adres FinPro Jacek Grabowski, Azaliowa 9\/2, 62-069 D\u0105br\u00f3wka. FinPro Jacek Grabowski zobowi\u0105zuje si\u0119 do rozpatrzenia ka\u017cdej reklamacji w terminie do 14 dni, a gdyby to nie by\u0142o mo\u017cliwe, do poinformowania w tym okresie Klienta, kiedy reklamacja zostanie rozpatrzona.<br>8.3. FinPro Jacek Grabowski nie jest producentem towar\u00f3w. Producent ponosi odpowiedzialno\u015b\u0107 z tytu\u0142u gwarancji sprzedanego Towaru na warunkach oraz przez okres wskazany w karcie gwarancyjnej. Je\u015bli dokument gwarancyjny przewiduje tak\u0105 mo\u017cliwo\u015b\u0107, Klient mo\u017ce zg\u0142asza\u0107 swoje roszczenia w ramach gwarancji bezpo\u015brednio u producenta lub autora dzie\u0142a, kt\u00f3rego adres znajduje si\u0119 w karcie gwarancyjnej.<\/p><p>IX. Reklamacje w zakresie \u015bwiadczenia us\u0142ug drog\u0105 elektroniczn\u0105<br>9.1. FinPro Jacek Grabowski podejmuje dzia\u0142ania w celu zapewnienia w pe\u0142ni poprawnego dzia\u0142ania Sklepu, w takim zakresie, jaki wynika z aktualnej wiedzy technicznej i zobowi\u0105zuje si\u0119 usun\u0105\u0107 w rozs\u0105dnym terminie wszelkie nieprawid\u0142owo\u015bci zg\u0142oszone przez Klient\u00f3w.<br>9.2. Klient zobowi\u0105zany jest niezw\u0142ocznie powiadomi\u0107 FinPro Jacek Grabowski o wszelkich nieprawid\u0142owo\u015bciach lub przerwach w funkcjonowaniu serwisu Sklepu Internetowego.<br>9.3. Nieprawid\u0142owo\u015bci zwi\u0105zane z funkcjonowaniem Sklepu Klient mo\u017ce zg\u0142asza\u0107 pisemnie na adres: FinPro Jacek Grabowski, Azaliowa 9\/2, 62-069 D\u0105br\u00f3wka, mailowo pod adres info@travarti.pl lub przy u\u017cyciu formularza kontaktowego na stronie internetowej travarti.pl.<br>9.4. W reklamacji Klient powinien poda\u0107 swoje imi\u0119 i nazwisko, adres do korespondencji, rodzaj i dat\u0119 wyst\u0105pienia nieprawid\u0142owo\u015bci zwi\u0105zanej z funkcjonowaniem Sklepu.<br>9.5. FinPro Jacek Grabowski, zobowi\u0105zuje si\u0119 do rozpatrzenia ka\u017cdej reklamacji w terminie do 14 dni, a gdyby to nie by\u0142o mo\u017cliwe, do poinformowania w tym okresie Klienta, kiedy reklamacja zostanie rozpatrzona.<\/p><p>X. Postanowienia ko\u0144cowe<br>10.1. Przed odebraniem przesy\u0142ki od kuriera kupuj\u0105cy zobowi\u0105zany jest sprawdzi\u0107, czy opakowanie lub produkt nie uleg\u0142y uszkodzeniu w transporcie. W przypadku, gdy opakowanie przesy\u0142ki lub produkt nosz\u0105 znamiona uszkodzenia nale\u017cy nie przyjmowa\u0107 przesy\u0142ki i w obecno\u015bci kuriera sporz\u0105dzi\u0107 protok\u00f3\u0142 szkody oraz przes\u0142a\u0107 informacj\u0119 na adres info@travarti.pl.<br>10.3. Reklamacje uszkodzonych przesy\u0142ek b\u0119d\u0105 rozpatrywane wy\u0142\u0105cznie pod warunkiem do\u0142\u0105czenia do nich protoko\u0142u szkody podpisanego przez kuriera.<br>10.3. Rozstrzyganie ewentualnych spor\u00f3w powsta\u0142ych pomi\u0119dzy FinPro Jacek Grabowski a Klientem, kt\u00f3ry jest konsumentem w rozumieniu art. 221 Kodeksu Cywilnego, zostaje poddane s\u0105dom w\u0142a\u015bciwym zgodnie z postanowieniami w\u0142a\u015bciwych przepis\u00f3w Kodeksu post\u0119powania cywilnego.<br>10.4. W sprawach nieuregulowanych w niniejszym Regulaminie maj\u0105 zastosowanie przepisy Kodeksu cywilnego, przepisy Ustawy o \u015bwiadczeniu us\u0142ug drog\u0105 elektroniczn\u0105 oraz inne w\u0142a\u015bciwe przepisy prawa polskiego.<\/p>","protected":false},"excerpt":{"rendered":"<p>Regulamin Sklepu Internetowego Travarti.pl I. DefinicjeU\u017cyte w Regulaminie poj\u0119cia oznaczaj\u0105: 1.1. Klient \u2013 osoba fizyczna, osoba prawna lub jednostka organizacyjna nie b\u0119d\u0105c\u0105 osob\u0105 prawn\u0105, kt\u00f3rej przepisy szczeg\u00f3lne przyznaj\u0105 zdolno\u015b\u0107 prawn\u0105, kt\u00f3ra dokonuje Zam\u00f3wienia w ramach Sklepu;1.2. Kodeks Cywilny \u2013 ustawa z dnia 23 kwietnia 1964 r. (Dz. U. Nr 16, poz. 93 ze zm.);1.3. Regulamin [&hellip;]<\/p>\n","protected":false},"author":2,"featured_media":0,"parent":0,"menu_order":0,"comment_status":"closed","ping_status":"closed","template":"","meta":{"footnotes":""},"class_list":["post-296","page","type-page","status-publish","hentry"],"_links":{"self":[{"href":"https:\/\/travarti.pl\/index.php\/wp-json\/wp\/v2\/pages\/296","targetHints":{"allow":["GET"]}}],"collection":[{"href":"https:\/\/travarti.pl\/index.php\/wp-json\/wp\/v2\/pages"}],"about":[{"href":"https:\/\/travarti.pl\/index.php\/wp-json\/wp\/v2\/types\/page"}],"author":[{"embeddable":true,"href":"https:\/\/travarti.pl\/index.php\/wp-json\/wp\/v2\/users\/2"}],"replies":[{"embeddable":true,"href":"https:\/\/travarti.pl\/index.php\/wp-json\/wp\/v2\/comments?post=296"}],"version-history":[{"count":8,"href":"https:\/\/travarti.pl\/index.php\/wp-json\/wp\/v2\/pages\/296\/revisions"}],"predecessor-version":[{"id":372,"href":"https:\/\/travarti.pl\/index.php\/wp-json\/wp\/v2\/pages\/296\/revisions\/372"}],"wp:attachment":[{"href":"https:\/\/travarti.pl\/index.php\/wp-json\/wp\/v2\/media?parent=296"}],"curies":[{"name":"wp","href":"https:\/\/api.w.org\/{rel}","templated":true}]}}